{"id":64,"date":"2021-11-18T13:33:36","date_gmt":"2021-11-18T13:33:36","guid":{"rendered":"https:\/\/www.tbp-group.eu\/?page_id=64"},"modified":"2021-11-24T14:23:17","modified_gmt":"2021-11-24T12:23:17","slug":"industrijsko-programiranje","status":"publish","type":"page","link":"https:\/\/www.tbp-group.eu\/de\/industrijsko-programiranje\/","title":{"rendered":"KNX\/SPS\/ROBOTIK Programmierung"},"content":{"rendered":"<div data-elementor-type=\"wp-page\" data-elementor-id=\"64\" class=\"elementor elementor-64\" data-elementor-post-type=\"page\">\n\t\t\t\t\t\t<section class=\"elementor-section elementor-top-section elementor-element elementor-element-2fd11f0 elementor-section-height-min-height elementor-section-boxed elementor-section-height-default elementor-section-items-middle\" data-id=\"2fd11f0\" data-element_type=\"section\" data-settings=\"{&quot;background_background&quot;:&quot;classic&quot;}\">\n\t\t\t\t\t\t\t<div class=\"elementor-background-overlay\"><\/div>\n\t\t\t\t\t\t\t<div class=\"elementor-container elementor-column-gap-wider\">\n\t\t\t\t\t<div class=\"elementor-column elementor-col-100 elementor-top-column elementor-element elementor-element-b60edf5\" data-id=\"b60edf5\" data-element_type=\"column\">\n\t\t\t<div class=\"elementor-widget-wrap elementor-element-populated\">\n\t\t\t\t\t\t<div class=\"elementor-element elementor-element-686ef1e elementor-invisible elementor-widget elementor-widget-heading\" data-id=\"686ef1e\" data-element_type=\"widget\" data-settings=\"{&quot;_animation&quot;:&quot;fadeInUp&quot;,&quot;_animation_delay&quot;:600}\" data-widget_type=\"heading.default\">\n\t\t\t\t<div class=\"elementor-widget-container\">\n\t\t\t<style>\/*! elementor - v3.19.0 - 07-02-2024 *\/\n.elementor-heading-title{padding:0;margin:0;line-height:1}.elementor-widget-heading .elementor-heading-title[class*=elementor-size-]>a{color:inherit;font-size:inherit;line-height:inherit}.elementor-widget-heading .elementor-heading-title.elementor-size-small{font-size:15px}.elementor-widget-heading .elementor-heading-title.elementor-size-medium{font-size:19px}.elementor-widget-heading .elementor-heading-title.elementor-size-large{font-size:29px}.elementor-widget-heading .elementor-heading-title.elementor-size-xl{font-size:39px}.elementor-widget-heading .elementor-heading-title.elementor-size-xxl{font-size:59px}<\/style><h1 class=\"elementor-heading-title elementor-size-default\">KNX\/SPS\/ROBOTIK Programmierung<\/h1>\t\t<\/div>\n\t\t\t\t<\/div>\n\t\t\t\t\t<\/div>\n\t\t<\/div>\n\t\t\t\t\t<\/div>\n\t\t<\/section>\n\t\t\t\t<section class=\"elementor-section elementor-top-section elementor-element elementor-element-04a9091 elementor-reverse-tablet elementor-reverse-mobile elementor-section-boxed elementor-section-height-default elementor-section-height-default\" data-id=\"04a9091\" data-element_type=\"section\" data-settings=\"{&quot;background_background&quot;:&quot;classic&quot;}\">\n\t\t\t\t\t\t<div class=\"elementor-container elementor-column-gap-wider\">\n\t\t\t\t\t<div class=\"elementor-column elementor-col-33 elementor-top-column elementor-element elementor-element-d5c6646\" data-id=\"d5c6646\" data-element_type=\"column\">\n\t\t\t<div class=\"elementor-widget-wrap elementor-element-populated\">\n\t\t\t\t\t\t<section class=\"elementor-section elementor-inner-section elementor-element elementor-element-b64654c elementor-section-boxed elementor-section-height-default elementor-section-height-default\" data-id=\"b64654c\" data-element_type=\"section\">\n\t\t\t\t\t\t<div class=\"elementor-container elementor-column-gap-no\">\n\t\t\t\t\t<div class=\"elementor-column elementor-col-100 elementor-inner-column elementor-element elementor-element-9ea51ff\" data-id=\"9ea51ff\" data-element_type=\"column\">\n\t\t\t<div class=\"elementor-widget-wrap elementor-element-populated\">\n\t\t\t\t\t\t<div class=\"elementor-element elementor-element-e7ff6b9 elementor-widget-tablet__width-initial elementor-invisible elementor-widget elementor-widget-heading\" data-id=\"e7ff6b9\" data-element_type=\"widget\" data-settings=\"{&quot;_animation&quot;:&quot;fadeIn&quot;,&quot;_animation_delay&quot;:&quot;800&quot;}\" data-widget_type=\"heading.default\">\n\t\t\t\t<div class=\"elementor-widget-container\">\n\t\t\t<h2 class=\"elementor-heading-title elementor-size-default\">KNX\/SPS\/ROBOTIK Programmierung<\/h2>\t\t<\/div>\n\t\t\t\t<\/div>\n\t\t\t\t<div class=\"elementor-element elementor-element-e54cf16 elementor-invisible elementor-widget elementor-widget-image\" data-id=\"e54cf16\" data-element_type=\"widget\" data-settings=\"{&quot;_animation&quot;:&quot;fadeInLeft&quot;}\" data-widget_type=\"image.default\">\n\t\t\t\t<div class=\"elementor-widget-container\">\n\t\t\t<style>\/*! elementor - v3.19.0 - 07-02-2024 *\/\n.elementor-widget-image{text-align:center}.elementor-widget-image a{display:inline-block}.elementor-widget-image a img[src$=\".svg\"]{width:48px}.elementor-widget-image img{vertical-align:middle;display:inline-block}<\/style>\t\t\t\t\t\t\t\t\t\t<img fetchpriority=\"high\" width=\"800\" height=\"448\" src=\"https:\/\/www.tbp-group.eu\/wp-content\/uploads\/2021\/11\/elektro_instal_tbp7-scaled-1024x574.jpg\" class=\"attachment-large size-large wp-image-872\" alt=\"programiranje_evropa\" srcset=\"https:\/\/www.tbp-group.eu\/wp-content\/uploads\/2021\/11\/elektro_instal_tbp7-scaled-1024x574.jpg 1024w, https:\/\/www.tbp-group.eu\/wp-content\/uploads\/2021\/11\/elektro_instal_tbp7-scaled-300x168.jpg 300w, https:\/\/www.tbp-group.eu\/wp-content\/uploads\/2021\/11\/elektro_instal_tbp7-scaled-768x431.jpg 768w, https:\/\/www.tbp-group.eu\/wp-content\/uploads\/2021\/11\/elektro_instal_tbp7-scaled-1536x862.jpg 1536w, https:\/\/www.tbp-group.eu\/wp-content\/uploads\/2021\/11\/elektro_instal_tbp7-scaled-2048x1149.jpg 2048w, https:\/\/www.tbp-group.eu\/wp-content\/uploads\/2021\/11\/elektro_instal_tbp7-scaled-18x10.jpg 18w\" sizes=\"(max-width: 800px) 100vw, 800px\" \/>\t\t\t\t\t\t\t\t\t\t\t\t\t<\/div>\n\t\t\t\t<\/div>\n\t\t\t\t<div class=\"elementor-element elementor-element-2806321 elementor-invisible elementor-widget elementor-widget-image\" data-id=\"2806321\" data-element_type=\"widget\" data-settings=\"{&quot;_animation&quot;:&quot;fadeInLeft&quot;}\" data-widget_type=\"image.default\">\n\t\t\t\t<div class=\"elementor-widget-container\">\n\t\t\t\t\t\t\t\t\t\t\t\t\t<img width=\"800\" height=\"448\" src=\"https:\/\/www.tbp-group.eu\/wp-content\/uploads\/2021\/11\/elektro_instal_tbp2-scaled-1024x574.jpg\" class=\"attachment-large size-large wp-image-867\" alt=\"sodelovanje_tbp_group\" srcset=\"https:\/\/www.tbp-group.eu\/wp-content\/uploads\/2021\/11\/elektro_instal_tbp2-scaled-1024x574.jpg 1024w, https:\/\/www.tbp-group.eu\/wp-content\/uploads\/2021\/11\/elektro_instal_tbp2-scaled-300x168.jpg 300w, https:\/\/www.tbp-group.eu\/wp-content\/uploads\/2021\/11\/elektro_instal_tbp2-scaled-768x431.jpg 768w, https:\/\/www.tbp-group.eu\/wp-content\/uploads\/2021\/11\/elektro_instal_tbp2-scaled-1536x862.jpg 1536w, https:\/\/www.tbp-group.eu\/wp-content\/uploads\/2021\/11\/elektro_instal_tbp2-scaled-2048x1149.jpg 2048w, https:\/\/www.tbp-group.eu\/wp-content\/uploads\/2021\/11\/elektro_instal_tbp2-scaled-18x10.jpg 18w\" sizes=\"(max-width: 800px) 100vw, 800px\" \/>\t\t\t\t\t\t\t\t\t\t\t\t\t<\/div>\n\t\t\t\t<\/div>\n\t\t\t\t\t<\/div>\n\t\t<\/div>\n\t\t\t\t\t<\/div>\n\t\t<\/section>\n\t\t\t\t\t<\/div>\n\t\t<\/div>\n\t\t\t\t<div class=\"elementor-column elementor-col-33 elementor-top-column elementor-element elementor-element-8a4233e\" data-id=\"8a4233e\" data-element_type=\"column\">\n\t\t\t<div class=\"elementor-widget-wrap\">\n\t\t\t\t\t\t\t<\/div>\n\t\t<\/div>\n\t\t\t\t<div class=\"elementor-column elementor-col-33 elementor-top-column elementor-element elementor-element-617c461\" data-id=\"617c461\" data-element_type=\"column\">\n\t\t\t<div class=\"elementor-widget-wrap elementor-element-populated\">\n\t\t\t\t\t\t<section class=\"elementor-section elementor-inner-section elementor-element elementor-element-6efb850 elementor-section-boxed elementor-section-height-default elementor-section-height-default\" data-id=\"6efb850\" data-element_type=\"section\">\n\t\t\t\t\t\t<div class=\"elementor-container elementor-column-gap-no\">\n\t\t\t\t\t<div class=\"elementor-column elementor-col-100 elementor-inner-column elementor-element elementor-element-87cbab1\" data-id=\"87cbab1\" data-element_type=\"column\">\n\t\t\t<div class=\"elementor-widget-wrap elementor-element-populated\">\n\t\t\t\t\t\t<div class=\"elementor-element elementor-element-0407edd elementor-invisible elementor-widget elementor-widget-heading\" data-id=\"0407edd\" data-element_type=\"widget\" data-settings=\"{&quot;_animation&quot;:&quot;fadeIn&quot;,&quot;_animation_delay&quot;:&quot;800&quot;}\" data-widget_type=\"heading.default\">\n\t\t\t\t<div class=\"elementor-widget-container\">\n\t\t\t<div class=\"elementor-heading-title elementor-size-default\">LEISTUNGEN<\/div>\t\t<\/div>\n\t\t\t\t<\/div>\n\t\t\t\t<div class=\"elementor-element elementor-element-271ca94 elementor-widget-tablet__width-initial elementor-invisible elementor-widget elementor-widget-heading\" data-id=\"271ca94\" data-element_type=\"widget\" data-settings=\"{&quot;_animation&quot;:&quot;fadeIn&quot;,&quot;_animation_delay&quot;:&quot;800&quot;}\" data-widget_type=\"heading.default\">\n\t\t\t\t<div class=\"elementor-widget-container\">\n\t\t\t<h2 class=\"elementor-heading-title elementor-size-default\">Programmirerung komplet: KNX\/SPS\/Robotik<\/h2>\t\t<\/div>\n\t\t\t\t<\/div>\n\t\t\t\t<div class=\"elementor-element elementor-element-46591cc elementor-widget elementor-widget-text-editor\" data-id=\"46591cc\" data-element_type=\"widget\" data-widget_type=\"text-editor.default\">\n\t\t\t\t<div class=\"elementor-widget-container\">\n\t\t\t<style>\/*! elementor - v3.19.0 - 07-02-2024 *\/\n.elementor-widget-text-editor.elementor-drop-cap-view-stacked .elementor-drop-cap{background-color:#69727d;color:#fff}.elementor-widget-text-editor.elementor-drop-cap-view-framed .elementor-drop-cap{color:#69727d;border:3px solid;background-color:transparent}.elementor-widget-text-editor:not(.elementor-drop-cap-view-default) .elementor-drop-cap{margin-top:8px}.elementor-widget-text-editor:not(.elementor-drop-cap-view-default) .elementor-drop-cap-letter{width:1em;height:1em}.elementor-widget-text-editor .elementor-drop-cap{float:left;text-align:center;line-height:1;font-size:50px}.elementor-widget-text-editor .elementor-drop-cap-letter{display:inline-block}<\/style>\t\t\t\t<div><p>In kritischen Momenten k\u00f6nnen Sie sich auf die TBP GROUP verlassen. Unser Know-how umfasst die gesamte Bandbreite der in der Geb\u00e4udeautomation und im Produktionsumfeld eingesetzten Technologien, wodurch wir Ihnen ein umfassendes Leistungsspektrum anbieten k\u00f6nnen.<\/p><h3><strong>SPS Programmierung\u00a0<\/strong><\/h3><p>Wir programmieren SPS mit Marken <strong>SIEMENS S7<\/strong> und<strong> Tia-Portal, B&amp;R, SCHNEIDER, ALLEN-BRADLEY<\/strong> und <strong>BECKHOFF TWIN CAT<\/strong>. Die fundierten Kenntnisse und die guten Programmierkenntnisse unserer Techniker erm\u00f6glichen es uns, Programme in FBD, LAD, STL, SCL und Graphen zu erstellen.<\/p><\/div><div><h3><strong>Programmierung von Roboter\u00a0<\/strong><\/h3><p>Es umfasst unser theoretisches und praktisches Expertenwissen in der Programmierung der folgenden Roboter: <strong>KUKA, COMAU, ABB, FANUC, MOTOMAN<\/strong> und vieles mehr, Programmierung mit SafeZone-Technologie, Konfiguration aller g\u00e4ngigen Serviceanleitungen und Roboterwerkzeuge.<\/p><\/div><div>\u00a0<\/div>\t\t\t\t\t\t<\/div>\n\t\t\t\t<\/div>\n\t\t\t\t\t<\/div>\n\t\t<\/div>\n\t\t\t\t\t<\/div>\n\t\t<\/section>\n\t\t\t\t\t<\/div>\n\t\t<\/div>\n\t\t\t\t\t<\/div>\n\t\t<\/section>\n\t\t\t\t<section class=\"elementor-section elementor-top-section elementor-element elementor-element-af150c1 elementor-section-content-middle elementor-section-boxed elementor-section-height-default elementor-section-height-default\" data-id=\"af150c1\" data-element_type=\"section\" data-settings=\"{&quot;background_background&quot;:&quot;classic&quot;}\">\n\t\t\t\t\t\t<div class=\"elementor-container elementor-column-gap-wider\">\n\t\t\t\t\t<div class=\"elementor-column elementor-col-50 elementor-top-column elementor-element elementor-element-6870044\" data-id=\"6870044\" data-element_type=\"column\">\n\t\t\t<div class=\"elementor-widget-wrap elementor-element-populated\">\n\t\t\t\t\t\t<div class=\"elementor-element elementor-element-f9027a7 animated-fast elementor-invisible elementor-widget elementor-widget-heading\" data-id=\"f9027a7\" data-element_type=\"widget\" data-settings=\"{&quot;_animation&quot;:&quot;fadeInUp&quot;,&quot;_animation_delay&quot;:640}\" data-widget_type=\"heading.default\">\n\t\t\t\t<div class=\"elementor-widget-container\">\n\t\t\t<div class=\"elementor-heading-title elementor-size-default\">SPS PROGRAMMIERUNG<\/div>\t\t<\/div>\n\t\t\t\t<\/div>\n\t\t\t\t<div class=\"elementor-element elementor-element-7c38e7d elementor-invisible elementor-widget elementor-widget-heading\" data-id=\"7c38e7d\" data-element_type=\"widget\" data-settings=\"{&quot;_animation&quot;:&quot;fadeInUp&quot;}\" data-widget_type=\"heading.default\">\n\t\t\t\t<div class=\"elementor-widget-container\">\n\t\t\t<h2 class=\"elementor-heading-title elementor-size-default\">SPS Programmierung<\/h2>\t\t<\/div>\n\t\t\t\t<\/div>\n\t\t\t\t\t<\/div>\n\t\t<\/div>\n\t\t\t\t<div class=\"elementor-column elementor-col-50 elementor-top-column elementor-element elementor-element-997aca3\" data-id=\"997aca3\" data-element_type=\"column\">\n\t\t\t<div class=\"elementor-widget-wrap elementor-element-populated\">\n\t\t\t\t\t\t<div class=\"elementor-element elementor-element-661f9b0 animated-fast elementor-invisible elementor-widget elementor-widget-text-editor\" data-id=\"661f9b0\" data-element_type=\"widget\" data-settings=\"{&quot;_animation&quot;:&quot;fadeInUp&quot;,&quot;_animation_delay&quot;:800}\" data-widget_type=\"text-editor.default\">\n\t\t\t\t<div class=\"elementor-widget-container\">\n\t\t\t\t\t\t\t<p>Ausbildung im Programmierung Bereich ist sehr wichtig. Erfahrung in Projekten auch. Investitionen in Wissen und Entwicklung sind der Schl\u00fcssel zum Erfolg unseres Unternehmens.<\/p>\t\t\t\t\t\t<\/div>\n\t\t\t\t<\/div>\n\t\t\t\t\t<\/div>\n\t\t<\/div>\n\t\t\t\t\t<\/div>\n\t\t<\/section>\n\t\t\t\t<section class=\"elementor-section elementor-top-section elementor-element elementor-element-f49c28b elementor-section-content-middle elementor-section-boxed elementor-section-height-default elementor-section-height-default\" data-id=\"f49c28b\" data-element_type=\"section\" data-settings=\"{&quot;background_background&quot;:&quot;classic&quot;}\">\n\t\t\t\t\t\t<div class=\"elementor-container elementor-column-gap-wider\">\n\t\t\t\t\t<div class=\"elementor-column elementor-col-100 elementor-top-column elementor-element elementor-element-fb9c782\" data-id=\"fb9c782\" data-element_type=\"column\" data-settings=\"{&quot;background_background&quot;:&quot;classic&quot;}\">\n\t\t\t<div class=\"elementor-widget-wrap elementor-element-populated\">\n\t\t\t\t\t\t<div class=\"elementor-element elementor-element-076e14c elementor-invisible elementor-widget elementor-widget-image\" data-id=\"076e14c\" data-element_type=\"widget\" data-settings=\"{&quot;_animation&quot;:&quot;fadeInDown&quot;}\" data-widget_type=\"image.default\">\n\t\t\t\t<div class=\"elementor-widget-container\">\n\t\t\t\t\t\t\t\t\t\t\t\t\t<img width=\"768\" height=\"431\" src=\"https:\/\/www.tbp-group.eu\/wp-content\/uploads\/2021\/11\/elektro_instal_tbp10-scaled-768x431.jpg\" class=\"attachment-medium_large size-medium_large wp-image-875\" alt=\"elektro_in\u0161talacije\" srcset=\"https:\/\/www.tbp-group.eu\/wp-content\/uploads\/2021\/11\/elektro_instal_tbp10-scaled-768x431.jpg 768w, https:\/\/www.tbp-group.eu\/wp-content\/uploads\/2021\/11\/elektro_instal_tbp10-scaled-300x168.jpg 300w, https:\/\/www.tbp-group.eu\/wp-content\/uploads\/2021\/11\/elektro_instal_tbp10-scaled-1024x574.jpg 1024w, https:\/\/www.tbp-group.eu\/wp-content\/uploads\/2021\/11\/elektro_instal_tbp10-scaled-1536x862.jpg 1536w, https:\/\/www.tbp-group.eu\/wp-content\/uploads\/2021\/11\/elektro_instal_tbp10-scaled-2048x1149.jpg 2048w, https:\/\/www.tbp-group.eu\/wp-content\/uploads\/2021\/11\/elektro_instal_tbp10-scaled-18x10.jpg 18w\" sizes=\"(max-width: 768px) 100vw, 768px\" \/>\t\t\t\t\t\t\t\t\t\t\t\t\t<\/div>\n\t\t\t\t<\/div>\n\t\t\t\t\t<\/div>\n\t\t<\/div>\n\t\t\t\t\t<\/div>\n\t\t<\/section>\n\t\t\t\t<section class=\"elementor-section elementor-top-section elementor-element elementor-element-f5cd771 elementor-section-boxed elementor-section-height-default elementor-section-height-default\" data-id=\"f5cd771\" data-element_type=\"section\" data-settings=\"{&quot;background_background&quot;:&quot;classic&quot;}\">\n\t\t\t\t\t\t<div class=\"elementor-container elementor-column-gap-wider\">\n\t\t\t\t\t<div class=\"elementor-column elementor-col-100 elementor-top-column elementor-element elementor-element-454dc27\" data-id=\"454dc27\" data-element_type=\"column\">\n\t\t\t<div class=\"elementor-widget-wrap elementor-element-populated\">\n\t\t\t\t\t\t<div class=\"elementor-element elementor-element-559169c elementor-invisible elementor-widget elementor-widget-heading\" data-id=\"559169c\" data-element_type=\"widget\" data-settings=\"{&quot;_animation&quot;:&quot;fadeInUp&quot;}\" data-widget_type=\"heading.default\">\n\t\t\t\t<div class=\"elementor-widget-container\">\n\t\t\t<h2 class=\"elementor-heading-title elementor-size-default\">Kontaktieren Sie Uns<\/h2>\t\t<\/div>\n\t\t\t\t<\/div>\n\t\t\t\t<div class=\"elementor-element elementor-element-83de132 elementor-widget elementor-widget-html\" data-id=\"83de132\" data-element_type=\"widget\" data-widget_type=\"html.default\">\n\t\t\t\t<div class=\"elementor-widget-container\">\n\t\t\t<div role=\"form\" class=\"wpcf7\" id=\"wpcf7-f233-o1\" lang=\"en\" dir=\"ltr\">\n<div class=\"screen-reader-response\"><p role=\"status\" aria-live=\"polite\" aria-atomic=\"true\"><\/p> <ul><\/ul><\/div>\n<form action=\"\/de\/wp-json\/wp\/v2\/pages\/64#wpcf7-f233-o1\" method=\"post\" class=\"wpcf7-form init\" novalidate=\"novalidate\" data-status=\"init\" data-trp-original-action=\"\/de\/wp-json\/wp\/v2\/pages\/64#wpcf7-f233-o1\">\n<div style=\"display: none;\">\n<input type=\"hidden\" name=\"_wpcf7\" value=\"233\" \/>\n<input type=\"hidden\" name=\"_wpcf7_version\" value=\"5.6.3\" \/>\n<input type=\"hidden\" name=\"_wpcf7_locale\" value=\"en\" \/>\n<input type=\"hidden\" name=\"_wpcf7_unit_tag\" value=\"wpcf7-f233-o1\" \/>\n<input type=\"hidden\" name=\"_wpcf7_container_post\" value=\"0\" \/>\n<input type=\"hidden\" name=\"_wpcf7_posted_data_hash\" value=\"\" \/>\n<\/div>\n<p><span class=\"wpcf7-form-control-wrap\" data-name=\"ImeinPriimek:\"><input type=\"text\" name=\"ImeinPriimek:\" value=\"\" size=\"40\" class=\"wpcf7-form-control wpcf7-text wpcf7-validates-as-required\" aria-required=\"true\" aria-invalid=\"false\" placeholder=\"Name und Nachname*\" \/><\/span><\/p>\n<p><span class=\"wpcf7-form-control-wrap\" data-name=\"Elektronskinaslov:\"><input type=\"email\" name=\"Elektronskinaslov:\" value=\"\" size=\"40\" class=\"wpcf7-form-control wpcf7-text wpcf7-email wpcf7-validates-as-required wpcf7-validates-as-email\" aria-required=\"true\" aria-invalid=\"false\" placeholder=\"Email*\" \/><\/span><\/p>\n<p><span class=\"wpcf7-form-control-wrap\" data-name=\"Telefonskatevilka\"><input type=\"tel\" name=\"Telefonskatevilka\" value=\"\" size=\"40\" class=\"wpcf7-form-control wpcf7-text wpcf7-tel wpcf7-validates-as-required wpcf7-validates-as-tel\" aria-required=\"true\" aria-invalid=\"false\" placeholder=\"Telefonnummer*\" \/><\/span><\/p>\n<p><span class=\"wpcf7-form-control-wrap\" data-name=\"Sporoilo\"><textarea name=\"Sporoilo\" cols=\"40\" rows=\"10\" class=\"wpcf7-form-control wpcf7-textarea\" aria-invalid=\"false\" placeholder=\"Nachricht\"><\/textarea><\/span><\/p>\n<p><span class=\"wpcf7-form-control-wrap\" data-name=\"Splonipogoji\"><span class=\"wpcf7-form-control wpcf7-acceptance\"><span class=\"wpcf7-list-item\"><label><input type=\"checkbox\" name=\"Splonipogoji\" value=\"1\" aria-invalid=\"false\" \/><span class=\"wpcf7-list-item-label\">Ich habe die Datenschutzerkl\u00e4rung gelesen und akzeptiere sie. <a href=\"https:\/\/www.tbp-group.eu\/de\/varstvo-podatkov\/\" target=\"_blank\" rel=\"noopener\">Allgemeine Datenschutzrichtlinie<\/a><\/span><\/label><\/span><\/span><\/span><\/p>\n<p><input type=\"submit\" value=\"Senden\" class=\"wpcf7-form-control has-spinner wpcf7-submit\" id=\"Polji\" \/><\/p>\n<p style=\"display: none !important;\" class=\"akismet-fields-container\" data-prefix=\"_wpcf7_ak_\"><label>&#916;<textarea name=\"_wpcf7_ak_hp_textarea\" cols=\"45\" rows=\"8\" maxlength=\"100\"><\/textarea><\/label><input type=\"hidden\" id=\"ak_js_1\" name=\"_wpcf7_ak_js\" value=\"140\"\/><script>document.getElementById( \"ak_js_1\" ).setAttribute( \"value\", ( new Date() ).getTime() );<\/script><\/p><div class=\"wpcf7-response-output\" aria-hidden=\"true\"><\/div><input type=\"hidden\" name=\"trp-form-language\" value=\"de\"\/><\/form><\/div>\t\t<\/div>\n\t\t\t\t<\/div>\n\t\t\t\t\t<\/div>\n\t\t<\/div>\n\t\t\t\t\t<\/div>\n\t\t<\/section>\n\t\t\t\t<\/div>","protected":false},"excerpt":{"rendered":"<p>Industrijsko programiranje Industrijsko programiranje STORITVE Celovito programiranje PLC\/Robotov V kriti\u010dnih trenutkih se lahko zanesete na TBP GROUP. Na\u0161e strokovno znanje pokriva celotno paleto tehnologij, ki se uporabljajo v proizvodnem okolju, kar nam omogo\u010da, da vam ponudimo celoten spekter storitev. Programiranje PLC\u00a0 Programiramo PLC krmilnike znamk SIEMENS S7 in Tia-Portal, B&amp;R, SCHNEIDER, ALLEN-BRADLEY in BECKHOFF TWIN [&hellip;]<\/p>","protected":false},"author":1,"featured_media":0,"parent":0,"menu_order":0,"comment_status":"closed","ping_status":"closed","template":"elementor_header_footer","meta":[],"_links":{"self":[{"href":"https:\/\/www.tbp-group.eu\/de\/wp-json\/wp\/v2\/pages\/64"}],"collection":[{"href":"https:\/\/www.tbp-group.eu\/de\/wp-json\/wp\/v2\/pages"}],"about":[{"href":"https:\/\/www.tbp-group.eu\/de\/wp-json\/wp\/v2\/types\/page"}],"author":[{"embeddable":true,"href":"https:\/\/www.tbp-group.eu\/de\/wp-json\/wp\/v2\/users\/1"}],"replies":[{"embeddable":true,"href":"https:\/\/www.tbp-group.eu\/de\/wp-json\/wp\/v2\/comments?post=64"}],"version-history":[{"count":52,"href":"https:\/\/www.tbp-group.eu\/de\/wp-json\/wp\/v2\/pages\/64\/revisions"}],"predecessor-version":[{"id":1068,"href":"https:\/\/www.tbp-group.eu\/de\/wp-json\/wp\/v2\/pages\/64\/revisions\/1068"}],"wp:attachment":[{"href":"https:\/\/www.tbp-group.eu\/de\/wp-json\/wp\/v2\/media?parent=64"}],"curies":[{"name":"wp","href":"https:\/\/api.w.org\/{rel}","templated":true}]}}