{"id":266,"date":"2021-11-19T08:26:15","date_gmt":"2021-11-19T08:26:15","guid":{"rendered":"https:\/\/www.tbp-group.eu\/?page_id=266"},"modified":"2021-12-15T23:21:11","modified_gmt":"2021-12-15T21:21:11","slug":"varstvo-podatkov","status":"publish","type":"page","link":"https:\/\/www.tbp-group.eu\/en\/varstvo-podatkov\/","title":{"rendered":"Data protection"},"content":{"rendered":"<div data-elementor-type=\"wp-page\" data-elementor-id=\"266\" class=\"elementor elementor-266\" data-elementor-post-type=\"page\">\n\t\t\t\t\t\t<section class=\"elementor-section elementor-top-section elementor-element elementor-element-14bb4c1 elementor-section-height-min-height elementor-section-boxed elementor-section-height-default elementor-section-items-middle\" data-id=\"14bb4c1\" data-element_type=\"section\" data-settings=\"{&quot;background_background&quot;:&quot;classic&quot;}\">\n\t\t\t\t\t\t\t<div class=\"elementor-background-overlay\"><\/div>\n\t\t\t\t\t\t\t<div class=\"elementor-container elementor-column-gap-wider\">\n\t\t\t\t\t<div class=\"elementor-column elementor-col-100 elementor-top-column elementor-element elementor-element-e8b26d3\" data-id=\"e8b26d3\" data-element_type=\"column\">\n\t\t\t<div class=\"elementor-widget-wrap elementor-element-populated\">\n\t\t\t\t\t\t<div class=\"elementor-element elementor-element-328b719 elementor-invisible elementor-widget elementor-widget-heading\" data-id=\"328b719\" data-element_type=\"widget\" data-settings=\"{&quot;_animation&quot;:&quot;fadeInUp&quot;,&quot;_animation_delay&quot;:600}\" data-widget_type=\"heading.default\">\n\t\t\t\t<div class=\"elementor-widget-container\">\n\t\t\t<style>\/*! elementor - v3.19.0 - 07-02-2024 *\/\n.elementor-heading-title{padding:0;margin:0;line-height:1}.elementor-widget-heading .elementor-heading-title[class*=elementor-size-]>a{color:inherit;font-size:inherit;line-height:inherit}.elementor-widget-heading .elementor-heading-title.elementor-size-small{font-size:15px}.elementor-widget-heading .elementor-heading-title.elementor-size-medium{font-size:19px}.elementor-widget-heading .elementor-heading-title.elementor-size-large{font-size:29px}.elementor-widget-heading .elementor-heading-title.elementor-size-xl{font-size:39px}.elementor-widget-heading .elementor-heading-title.elementor-size-xxl{font-size:59px}<\/style><h1 class=\"elementor-heading-title elementor-size-default\">Splo\u0161ni pogoji<\/h1>\t\t<\/div>\n\t\t\t\t<\/div>\n\t\t\t\t\t<\/div>\n\t\t<\/div>\n\t\t\t\t\t<\/div>\n\t\t<\/section>\n\t\t\t\t<section class=\"elementor-section elementor-top-section elementor-element elementor-element-20f37654 elementor-reverse-tablet elementor-reverse-mobile elementor-section-boxed elementor-section-height-default elementor-section-height-default\" data-id=\"20f37654\" data-element_type=\"section\" data-settings=\"{&quot;background_background&quot;:&quot;classic&quot;}\">\n\t\t\t\t\t\t<div class=\"elementor-container elementor-column-gap-wider\">\n\t\t\t\t\t<div class=\"elementor-column elementor-col-100 elementor-top-column elementor-element elementor-element-277cc03a\" data-id=\"277cc03a\" data-element_type=\"column\">\n\t\t\t<div class=\"elementor-widget-wrap elementor-element-populated\">\n\t\t\t\t\t\t<section class=\"elementor-section elementor-inner-section elementor-element elementor-element-4598fa8f elementor-section-boxed elementor-section-height-default elementor-section-height-default\" data-id=\"4598fa8f\" data-element_type=\"section\">\n\t\t\t\t\t\t<div class=\"elementor-container elementor-column-gap-no\">\n\t\t\t\t\t<div class=\"elementor-column elementor-col-100 elementor-inner-column elementor-element elementor-element-5077b672\" data-id=\"5077b672\" data-element_type=\"column\">\n\t\t\t<div class=\"elementor-widget-wrap elementor-element-populated\">\n\t\t\t\t\t\t<div class=\"elementor-element elementor-element-52f4159 elementor-invisible elementor-widget elementor-widget-heading\" data-id=\"52f4159\" data-element_type=\"widget\" data-settings=\"{&quot;_animation&quot;:&quot;fadeIn&quot;,&quot;_animation_delay&quot;:&quot;800&quot;}\" data-widget_type=\"heading.default\">\n\t\t\t\t<div class=\"elementor-widget-container\">\n\t\t\t<div class=\"elementor-heading-title elementor-size-default\">General data protection policy<\/div>\t\t<\/div>\n\t\t\t\t<\/div>\n\t\t\t\t<div class=\"elementor-element elementor-element-76892612 elementor-widget-tablet__width-initial elementor-invisible elementor-widget elementor-widget-heading\" data-id=\"76892612\" data-element_type=\"widget\" data-settings=\"{&quot;_animation&quot;:&quot;fadeIn&quot;,&quot;_animation_delay&quot;:&quot;800&quot;}\" data-widget_type=\"heading.default\">\n\t\t\t\t<div class=\"elementor-widget-container\">\n\t\t\t<h2 class=\"elementor-heading-title elementor-size-default\">Data protection<\/h2>\t\t<\/div>\n\t\t\t\t<\/div>\n\t\t\t\t<div class=\"elementor-element elementor-element-1921a7b elementor-widget elementor-widget-text-editor\" data-id=\"1921a7b\" data-element_type=\"widget\" data-widget_type=\"text-editor.default\">\n\t\t\t\t<div class=\"elementor-widget-container\">\n\t\t\t<style>\/*! elementor - v3.19.0 - 07-02-2024 *\/\n.elementor-widget-text-editor.elementor-drop-cap-view-stacked .elementor-drop-cap{background-color:#69727d;color:#fff}.elementor-widget-text-editor.elementor-drop-cap-view-framed .elementor-drop-cap{color:#69727d;border:3px solid;background-color:transparent}.elementor-widget-text-editor:not(.elementor-drop-cap-view-default) .elementor-drop-cap{margin-top:8px}.elementor-widget-text-editor:not(.elementor-drop-cap-view-default) .elementor-drop-cap-letter{width:1em;height:1em}.elementor-widget-text-editor .elementor-drop-cap{float:left;text-align:center;line-height:1;font-size:50px}.elementor-widget-text-editor .elementor-drop-cap-letter{display:inline-block}<\/style>\t\t\t\t<p>Politika varstva osebnih podatkov<\/p><p><br \/>V podjetju TBP-GROUP, d. o. o., spo\u0161tujemo va\u0161o zasebnost in varnost va\u0161ih osebnih podatkov. Zavedamo se odgovornosti ravnanja z osebnimi podatki svojih strank, potencialnih strank, obiskovalcev spletnih mest podjetja TBP-GROUP, d. o. o. ter vseh posameznikov, ki nam ob stiku razkrijejo osebne podatke (v nadaljevanju: \u201cuporabniki\u201d).<\/p><p><br \/>Zavezujemo se, da bomo osebne podatke uporabnikov uporabili izklju\u010dno za namene, ki so navedeni ni\u017eje v tej Politiki varstva zasebnosti. Va\u0161e osebne podatke varujemo skrbno in v skladu s Splo\u0161no uredbo o varstvu podatkov (Uredba (EU) 2016\/679 EVROPSKEGA PARLAMENTA IN SVETA iz dne 27. aprila 2016 o varstvu posameznikov pri obdelavi osebnih podatkov in o prostem pretoku takih podatkov ter o razveljavitvi Direktive 95\/46\/ES) (v nadaljevanju: GDPR), ter drugimi pravnimi predpisi, ki urejajo podro\u010dje varstva osebnih podatkov.<br \/>Katere osebne podatke zbiramo?<\/p><p><br \/>Na podlagi privolitve posameznikov zbiramo in obdelujem naslednje osebne podatke:<br \/>\u2022 ime in priimek,<br \/>\u2022 naslov elektronske po\u0161te,<br \/>\u2022 prijavni podatki za zaposlitev,<br \/>\u2022 podatki, ki jih vsebujejo nekateri pi\u0161kotki. Ve\u010d o pi\u0161kotkih in kako jih upravljati si lahko preberete na spletni strani pi\u0161kotki.<br \/>Zbiramo zgolj tiste osebne podatke, ki so nujno potrebni za dosego posameznega namena.<\/p><p>Nameni obdelave osebnih podatkov<br \/>Podatke obdelujemo na podlagi privolitve in z namenom, za katerega je bila privolitev oddana. Posameznik, na katerega se nana\u0161ajo podatki, lahko kadarkoli prekli\u010de podano privolitev za vsak posamezen namen posebej na enostaven in lahko dostopen na\u010din.<\/p><p>Osebne podatke uporabljamo za:<br \/>\u2022 zbiranje prijav na delovna mesta, <br \/>\u2022 podporo strankam (odgovor na povpra\u0161evanje, izstavljanje ra\u010duna, drugo komuniciranje),<br \/>\u2022 po\u0161iljanje elektronskih sporo\u010dil o novostih na spletni strani,<br \/>\u2022 po\u0161iljanje elektronskih vabil na dogodke,<br \/>\u2022 po\u0161iljanje e-publikacij,<br \/>\u2022 analizo branja in klikov elektronskih sporo\u010dil,<br \/>\u2022 spletno ogla\u0161evanje in dru\u017eabna omre\u017eja,<br \/>\u2022 komuniciranje nagradnih iger, tekmovanj, popustov, drugih ponudb in drugo osebno komunikacijo s posamezniki,<br \/>\u2022 upravljanje fokusne skupine in raziskav,<br \/>\u2022 izvajanje raziskav in analiz obna\u0161anja uporabnikov, da bi izbolj\u0161ali na\u0161e storitve in vsebine<br \/>\u2022 razvoj novih funkcij in storitev (npr. lahko se odlo\u010dimo ponuditi novo funkcijo na podlagi interesov in povpra\u0161evanja uporabnikov),<br \/>\u2022 za obravnavanje dejanskih in domnevnih kr\u0161itev,<br \/>\u2022 za druge namene, s katerimi se specifi\u010dno strinjate pri sodelovanju z nami.<br \/>Za analizo podatkov in po\u0161iljanje elektronski sporo\u010dil uporabljamo spletna orodja, kot so Google Analytics, Facebook in MailChimp, ki v svojih Splo\u0161nih pogojih uporabe in Politiki zasebnosti zagotavljajo spo\u0161tovanje pravil iz Splo\u0161ne uredbe o varstvu podatkov (GDPR) in potrjujejo, da so pridobili certifikat skladnosti s \u0161\u010ditom zasebnosti EU-ZDA (EU-U.S. Privacy Shield Framework). V orodju Google Analytics ne uporabljamo osebnih podatkov, temve\u010d zgolj anonimizirane podatke in maskirane IP naslove. Va\u0161e osebne podatke obdelujemo tudi takrat, ko to od nas zahteva zakon. Primer namena take obdelave je obdelava va\u0161ih osebnih podatkov za potrebe sodnih ali upravnih postopkov.<\/p><p>Hranjenje podatkov<br \/>Osebne podatke, ki se nam jih zaupali na podlagi va\u0161e osebne, eksplicitne privolitve in ki ste nam jih posredovali ob prijavi na delovna mesta, registraciji, prijavi na e-novice, prenosu e-publikacij ali z oddajo povpra\u0161evanja, hranimo do preklica. Soglasje za zbiranje in obdelavo osebnih podatkov lahko kadarkoli prekli\u010dete. Preklic soglasja ne vpliva na zakonitost zbiranja in obdelave podatkov pred preklicem soglasja. Vse ostale osebne podatke v okviru pogodbenega sodelovanja hranimo v skladu z veljavno zakonodajo.<br \/>Osebne podatke hranimo v digitalni obliki. Na\u0161i ra\u010dunalni\u0161ki sistemi so za\u0161\u010diteni s tehni\u010dnimi in organizacijskimi ukrepi, ki prepre\u010dujejo nenamerno ali nezakonito uni\u010denje, izgubo, spremembo ter nepoobla\u0161\u010deno razkritje ali dostop do va\u0161ih osebnih podatkov.<\/p><p>Podatke, ki jih zbiramo, hranimo na varnih stre\u017enikih in jih hranimo do va\u0161ega preklica, vendar ne dlje, kot traja maksimalna doba hrambe.<\/p><p><br \/>Va\u0161e pravice<\/p><p><span style=\"color: var( --e-global-color-text ); font-family: var( --e-global-typography-text-font-family ), Sans-serif; font-weight: var( --e-global-typography-text-font-weight ); font-size: 1rem;\">Z veseljem vas seznanjamo z va\u0161imi pravicami kot \u00bbposameznika\u00ab iz Splo\u0161ne uredbe (GDPR). Po Splo\u0161ni uredbi imate kot posameznik v nadaljevanju navedene pravice iz varstva osebnih podatkov:<\/span><\/p><p>\u2022 Pravica do dostopa do podatkov (1. in 2. odstavek 15. \u010dlena GDPR)<br \/>\u2022 Pravica do popravka (16. \u010dlen GDPR) oziroma pravica do izbrisa (17. \u010dlen GDPR)<br \/>\u2022 Pravica do omejitve obdelave (18. \u010dlen GDPR)<br \/>\u2022 Pravica do prenosljivosti podatkov (19. \u010dlen GDPR)<br \/>\u2022 Pravica do ugovora (21. \u010dlen GDPR)<br \/>\u2022 Pravica do preklica (3. odstavek 7. \u010dlena GDPR)<br \/>\u2022 Pravica do vlo\u017eitve prito\u017ebe pri nadzornem organu (77. \u010dlen GDPR)<\/p><p><br \/>Pravica dostopa do podatkov<br \/>Imate pravico dobiti potrditev, ali obdelujemo va\u0161e osebne podatke, in kadar je temu tako, imate pravico dobiti dostop do va\u0161ih osebnih podatkov in naslednjih informacij v zvezi z obdelavo osebnih podatkov:<br \/>\u2022 nameni obdelave,<br \/>\u2022 vrste osebnih podatkov,<br \/>\u2022 uporabniki ali kategorije uporabnika, ki so jim bili ali jim bodo razkriti va\u0161i osebni podatki, zlasti uporabnike v tretjih dr\u017eavah ali mednarodnih organizacijah,<br \/>\u2022 kadar je mogo\u010de, predvideno obdobje hrambe osebnih podatkov,<br \/>\u2022 obstoj pravice, da se od upravljavca zahteva popravek ali izbris osebnih podatkov ali omejitev obdelave osebnih podatkov v zvezi z uporabnikom, na katerega se nana\u0161ajo osebni podatki, ali obstoj pravice do ugovora taki obdelavi,<br \/>\u2022 pravica do vlo\u017eitve prito\u017ebe pri nadzornem organu,<br \/>\u2022 kadar osebni podatki niso zbrani od uporabnika, vse razpolo\u017eljive informacije v zvezi z njihovim virom,<br \/>\u2022 obstoj avtomatiziranega sprejemanja odlo\u010ditev, vklju\u010dno z oblikovanjem profilov, ter smiselne informacije o razlogih zanj, kot tudi pomen in predvidene posledice take obdelave za uporabnika.<br \/>Na podlagi va\u0161e zahteve vam zagotovimo eno brezpla\u010dno kopijo va\u0161ih osebnih podatkov, ki se obdelujejo. Za dodatne kopije podatkov, ki bi jih zahtevali, vam bomo zara\u010dunala razumno pristojbino ob upo\u0161tevanju administrativnih stro\u0161kov.<\/p><p><br \/>Pravica do popravka<br \/>Imate pravico zahtevati, da ta brez nepotrebnega odla\u0161anja popravi neto\u010dne osebne podatke v zvezi z vami. Ob upo\u0161tevanju namenov obdelave imate pravico do dopolnitve nepopolnih osebnih podatkov, vklju\u010dno s predlo\u017eitvijo dopolnilne izjave.<br \/>Pravica do izbrisa (\u00bbpravica do pozabe\u00ab)<br \/>Pravico imate zahtevati, da se brez nepotrebnega odla\u0161anja izbri\u0161e osebne podatke v zvezi z vami, va\u0161e osebne podatke pa brez nepotrebnega odla\u0161anja izbri\u0161emo v naslednjih primerih:<br \/>\u2022 kadar osebni podatki niso ve\u010d\u030c potrebni za namene, za katere so bili zbrani ali kako druga\u010de obdelani,<br \/>\u2022 kadar prekli\u010dete privolitev, ki je podlaga za obdelavo va\u0161ih osebnih podatkov, pa za obdelavo ne obstaja nobena druga pravna podlaga,<br \/>\u2022 kadar ugovarjate obdelavi na podlagi zakonitega interesa upravljavca, pa za njihovo obdelavo ne obstajajo nobeni prevladujo\u010di zakoniti razlogi,<br \/>\u2022 kadar ugovarjate obdelavi za potrebe neposrednega tr\u017eenja,<br \/>\u2022 kadar je osebne podatke treba izbrisati za izpolnitev pravne obveznosti v skladu s pravom EU ali slovenskim pravnim redom.<\/p><p><br \/>Pravica do omejitve obdelave<br \/>Pravico imate zahtevati, da omejimo obdelavo va\u0161ih osebnih podatkov, kadar velja en od naslednjih primerov:<br \/>\u2022 kadar oporekate to\u010dnosti podatkov, in sicer za obdobje, ki upravljavcu omogo\u010da preveriti to\u010dnost va\u0161ih osebnih podatkov,<br \/>\u2022 kadar je obdelava nezakonita in nasprotujete izbrisu osebnih podatkov ter namesto tega zahtevate omejitev njihove uporabe,<br \/>\u2022 kadar TBP-GROUP osebnih podatkov ne potrebuje ve\u010d\u030c za namene obdelave, temve\u010d\u030c jih vi potrebujete za uveljavljanje, izvajanje ali obrambo pravnih zahtevkov,<br \/>\u2022 kadar ste vlo\u017eili ugovor v zvezi z obdelavo, dokler se ne preveri, ali zakoniti razlogi upravljavca prevladajo nad va\u0161imi razlogi.<br \/>Pravica do prenosljivosti podatkov<br \/>Pravico imate, da prejmete osebne podatke v zvezi z vami, v strukturirani, splo\u0161no uporabljani in strojno berljivi obliki, in pravico, da te podatke posredujete drugemu upravljavcu, ne da bi vas pri tem ovirali, kadar:<br \/>\u2022 obdelava temelji na va\u0161i privolitvi ali pogodbi<br \/>\u2022 obdelava izvaja z avtomatiziranimi sredstvi.<\/p><p><br \/>Pravica do ugovora in preklica<br \/>Na podlagi razlogov, povezanih z va\u0161im posebnim polo\u017eajem, imate pravico, da kadarkoli ugovarjate obdelavi osebnih podatkov, \u010de ta temelji na zakonitih interesih, za katere si prizadeva podjetje TBP-GROUP, d.o.o. ali tretja oseba. Prenehali bomo obdelovati osebne podatke, razen \u010de doka\u017eemo nujne razloge za obdelavo, ki prevladajo nad va\u0161imi interesi, pravicami in svobo\u0161\u010dinami ali za uveljavljanje, izvajanje ali obrambo pravnih zahtevkov. Kadar se osebni podatki obdelujejo za namene neposrednega tr\u017eenja, imate pravico, da kadarkoli ugovarjate obdelavi va\u0161ih osebnih podatkov za namene takega tr\u017eenja, vklju\u010dno s profiliranjem, \u010de je povezano s takim neposrednim tr\u017eenjem. \u010ce neposredno tr\u017eenje temelji na privolitvi, se pravica do ugovora lahko izvede s preklicem dane osebne privolitve.<br \/>Katerokoli pravico po Splo\u0161ni uredbi o varstvu osebnih podatkov lahko kadarkoli pisno uveljavljate. Za potrebe zanesljive identifikacije v primeru uveljavljanja va\u0161ih pravic v zvezi z osebnimi podatki lahko od vas zahtevamo dodatne podatke, ki so potrebni za potrditev va\u0161e identitete, ukrepanje se pa v skladu s tem poglavjem lahko zavrne le v primeru, da doka\u017eemo, da vas ne moremo zanesljivo identificirati.<br \/>\u010ce so va\u0161e zahteve v skladu s tem poglavjem o\u010ditno neutemeljene ali pretirane, zlasti ker se ponavljajo, lahko;<br \/>\u2022 zara\u010dunamo razumno pristojbino, pri \u010demer upo\u0161tevamo administrativne stro\u0161ke posredovanja informacij ali sporo\u010dila ali izvajanja zahtevanega ukrepa,<br \/>\u2022 zavrnemo ukrepanje v zvezi z zahtevo.<\/p><p><br \/>Zahtevo lahko po\u0161ljete na elektronski naslov info@tbp-group.eu.<\/p><p><br \/>Pravica do vlo\u017eitve prito\u017ebe v zvezi z obdelovanjem osebnih podatkov<br \/>Morebitno prito\u017ebo v zvezi z obdelovanjem va\u0161ih osebnih podatkov lahko po\u0161ljete na elektronski naslov info@tbp-group.eu ali po po\u0161ti na naslov TBP-GROUP, d.o.o.<\/p><p>\u00a0<\/p>\t\t\t\t\t\t<\/div>\n\t\t\t\t<\/div>\n\t\t\t\t\t<\/div>\n\t\t<\/div>\n\t\t\t\t\t<\/div>\n\t\t<\/section>\n\t\t\t\t\t<\/div>\n\t\t<\/div>\n\t\t\t\t\t<\/div>\n\t\t<\/section>\n\t\t\t\t<\/div>","protected":false},"excerpt":{"rendered":"<p>Splo\u0161ni pogoji Splo\u0161na politika varstva podatkov Varstvo podatkov Politika varstva osebnih podatkov V podjetju TBP-GROUP, d. o. o., spo\u0161tujemo va\u0161o zasebnost in varnost va\u0161ih osebnih podatkov. Zavedamo se odgovornosti ravnanja z osebnimi podatki svojih strank, potencialnih strank, obiskovalcev spletnih mest podjetja TBP-GROUP, d. o. o. ter vseh posameznikov, ki nam ob stiku razkrijejo osebne podatke [&hellip;]<\/p>","protected":false},"author":1,"featured_media":0,"parent":0,"menu_order":0,"comment_status":"closed","ping_status":"closed","template":"elementor_header_footer","meta":[],"_links":{"self":[{"href":"https:\/\/www.tbp-group.eu\/en\/wp-json\/wp\/v2\/pages\/266"}],"collection":[{"href":"https:\/\/www.tbp-group.eu\/en\/wp-json\/wp\/v2\/pages"}],"about":[{"href":"https:\/\/www.tbp-group.eu\/en\/wp-json\/wp\/v2\/types\/page"}],"author":[{"embeddable":true,"href":"https:\/\/www.tbp-group.eu\/en\/wp-json\/wp\/v2\/users\/1"}],"replies":[{"embeddable":true,"href":"https:\/\/www.tbp-group.eu\/en\/wp-json\/wp\/v2\/comments?post=266"}],"version-history":[{"count":17,"href":"https:\/\/www.tbp-group.eu\/en\/wp-json\/wp\/v2\/pages\/266\/revisions"}],"predecessor-version":[{"id":1339,"href":"https:\/\/www.tbp-group.eu\/en\/wp-json\/wp\/v2\/pages\/266\/revisions\/1339"}],"wp:attachment":[{"href":"https:\/\/www.tbp-group.eu\/en\/wp-json\/wp\/v2\/media?parent=266"}],"curies":[{"name":"wp","href":"https:\/\/api.w.org\/{rel}","templated":true}]}}