{"id":991,"date":"2021-11-24T03:35:42","date_gmt":"2021-11-24T01:35:42","guid":{"rendered":"https:\/\/www.tbp-group.eu\/?page_id=991"},"modified":"2021-11-24T03:55:44","modified_gmt":"2021-11-24T01:55:44","slug":"cookies","status":"publish","type":"page","link":"https:\/\/www.tbp-group.eu\/en\/cookies\/","title":{"rendered":"Cookies"},"content":{"rendered":"<div data-elementor-type=\"wp-page\" data-elementor-id=\"991\" class=\"elementor elementor-991\" data-elementor-post-type=\"page\">\n\t\t\t\t\t\t<section class=\"elementor-section elementor-top-section elementor-element elementor-element-365bcf7 elementor-section-height-min-height elementor-section-boxed elementor-section-height-default elementor-section-items-middle\" data-id=\"365bcf7\" data-element_type=\"section\" data-settings=\"{&quot;background_background&quot;:&quot;classic&quot;}\">\n\t\t\t\t\t\t\t<div class=\"elementor-background-overlay\"><\/div>\n\t\t\t\t\t\t\t<div class=\"elementor-container elementor-column-gap-wider\">\n\t\t\t\t\t<div class=\"elementor-column elementor-col-100 elementor-top-column elementor-element elementor-element-2032b80\" data-id=\"2032b80\" data-element_type=\"column\">\n\t\t\t<div class=\"elementor-widget-wrap elementor-element-populated\">\n\t\t\t\t\t\t<div class=\"elementor-element elementor-element-bd31815 elementor-invisible elementor-widget elementor-widget-heading\" data-id=\"bd31815\" data-element_type=\"widget\" data-settings=\"{&quot;_animation&quot;:&quot;fadeInUp&quot;,&quot;_animation_delay&quot;:600}\" data-widget_type=\"heading.default\">\n\t\t\t\t<div class=\"elementor-widget-container\">\n\t\t\t<style>\/*! elementor - v3.19.0 - 07-02-2024 *\/\n.elementor-heading-title{padding:0;margin:0;line-height:1}.elementor-widget-heading .elementor-heading-title[class*=elementor-size-]>a{color:inherit;font-size:inherit;line-height:inherit}.elementor-widget-heading .elementor-heading-title.elementor-size-small{font-size:15px}.elementor-widget-heading .elementor-heading-title.elementor-size-medium{font-size:19px}.elementor-widget-heading .elementor-heading-title.elementor-size-large{font-size:29px}.elementor-widget-heading .elementor-heading-title.elementor-size-xl{font-size:39px}.elementor-widget-heading .elementor-heading-title.elementor-size-xxl{font-size:59px}<\/style><h1 class=\"elementor-heading-title elementor-size-default\">Cookies<\/h1>\t\t<\/div>\n\t\t\t\t<\/div>\n\t\t\t\t\t<\/div>\n\t\t<\/div>\n\t\t\t\t\t<\/div>\n\t\t<\/section>\n\t\t\t\t<section class=\"elementor-section elementor-top-section elementor-element elementor-element-5ed75ce elementor-reverse-tablet elementor-reverse-mobile elementor-section-boxed elementor-section-height-default elementor-section-height-default\" data-id=\"5ed75ce\" data-element_type=\"section\" data-settings=\"{&quot;background_background&quot;:&quot;classic&quot;}\">\n\t\t\t\t\t\t<div class=\"elementor-container elementor-column-gap-wider\">\n\t\t\t\t\t<div class=\"elementor-column elementor-col-100 elementor-top-column elementor-element elementor-element-8ec7b79\" data-id=\"8ec7b79\" data-element_type=\"column\">\n\t\t\t<div class=\"elementor-widget-wrap elementor-element-populated\">\n\t\t\t\t\t\t<section class=\"elementor-section elementor-inner-section elementor-element elementor-element-c9149c3 elementor-section-boxed elementor-section-height-default elementor-section-height-default\" data-id=\"c9149c3\" data-element_type=\"section\">\n\t\t\t\t\t\t<div class=\"elementor-container elementor-column-gap-no\">\n\t\t\t\t\t<div class=\"elementor-column elementor-col-100 elementor-inner-column elementor-element elementor-element-fb6e517\" data-id=\"fb6e517\" data-element_type=\"column\">\n\t\t\t<div class=\"elementor-widget-wrap elementor-element-populated\">\n\t\t\t\t\t\t<div class=\"elementor-element elementor-element-2e004a3 elementor-invisible elementor-widget elementor-widget-heading\" data-id=\"2e004a3\" data-element_type=\"widget\" data-settings=\"{&quot;_animation&quot;:&quot;fadeIn&quot;,&quot;_animation_delay&quot;:&quot;800&quot;}\" data-widget_type=\"heading.default\">\n\t\t\t\t<div class=\"elementor-widget-container\">\n\t\t\t<div class=\"elementor-heading-title elementor-size-default\">Cookies<\/div>\t\t<\/div>\n\t\t\t\t<\/div>\n\t\t\t\t<div class=\"elementor-element elementor-element-95a3008 elementor-widget-tablet__width-initial elementor-invisible elementor-widget elementor-widget-heading\" data-id=\"95a3008\" data-element_type=\"widget\" data-settings=\"{&quot;_animation&quot;:&quot;fadeIn&quot;,&quot;_animation_delay&quot;:&quot;800&quot;}\" data-widget_type=\"heading.default\">\n\t\t\t\t<div class=\"elementor-widget-container\">\n\t\t\t<h2 class=\"elementor-heading-title elementor-size-default\">Na spletni strani TBP-GROUP uporabljamo pi\u0161kotke<\/h2>\t\t<\/div>\n\t\t\t\t<\/div>\n\t\t\t\t<div class=\"elementor-element elementor-element-22a60b3 elementor-widget elementor-widget-text-editor\" data-id=\"22a60b3\" data-element_type=\"widget\" data-widget_type=\"text-editor.default\">\n\t\t\t\t<div class=\"elementor-widget-container\">\n\t\t\t<style>\/*! elementor - v3.19.0 - 07-02-2024 *\/\n.elementor-widget-text-editor.elementor-drop-cap-view-stacked .elementor-drop-cap{background-color:#69727d;color:#fff}.elementor-widget-text-editor.elementor-drop-cap-view-framed .elementor-drop-cap{color:#69727d;border:3px solid;background-color:transparent}.elementor-widget-text-editor:not(.elementor-drop-cap-view-default) .elementor-drop-cap{margin-top:8px}.elementor-widget-text-editor:not(.elementor-drop-cap-view-default) .elementor-drop-cap-letter{width:1em;height:1em}.elementor-widget-text-editor .elementor-drop-cap{float:left;text-align:center;line-height:1;font-size:50px}.elementor-widget-text-editor .elementor-drop-cap-letter{display:inline-block}<\/style>\t\t\t\t<h3><span style=\"color: var( --e-global-color-text ); font-family: var( --e-global-typography-text-font-family ), Sans-serif; font-weight: var( --e-global-typography-text-font-weight ); font-size: 1rem;\">Spletna stran tbp-group.eu uporablja pi\u0161kotke. S pi\u0161kotki vas osebno ne identificiramo. Uporabljamo jih samo za bolj\u0161e delovanje spleti\u0161\u010da. Z uporabo tega spletnega mesta se strinjate, da spletno mesto tbp-group.eu nastavi pi\u0161kotke na va\u0161i napravi.<\/span><\/h3><h5>Kaj so pi\u0161kotki?<\/h5><p>Pi\u0161kotki so male besedilne datoteke, ki jih ve\u010dina spletnih mest shrani v naprave uporabnikov, s katerimi dostopajo do interneta. Njihovo shranjevanje je pod popolnim nadzorom uporabnika, saj lahko v brskalniku, ki ga uporablja, hranjenje pi\u0161kotkov omeji ali onemogo\u010di.<\/p><h5>Zakaj jih potrebujemo?<\/h5><p>Pi\u0161kotki so temeljnega pomena za zagotavljanje uporabniku prijaznih spletnih storitev. Najpogostej\u0161e funkcije e-poslovanja (na primer dodajanje izdelkov v ko\u0161arico, pla\u010dilo, vpis naslova za dostavo naro\u010dila) ne bi bile mogo\u010de brez pi\u0161kotkov. Interakcija med spletnim uporabnikom in spletno stranjo je s pomo\u010djo pi\u0161kotkov hitrej\u0161a in enostavnej\u0161a. Z njihovo pomo\u010djo si spletna stran zapomni posameznikove preference in izku\u0161nje, s tem je prihranjen \u010das, brskanje po spletnih straneh pa je tako bolj u\u010dinkovito in prijetno.<\/p><p>Pi\u0161kotke uporablja ve\u010dina sodobnih spletnih strani, saj bi bila brez njih uporabnost spletnih mest zelo okrnjena. Hramba in branje informacij v pi\u0161kotkih se uporabljajo:<\/p><ul><li>za seje (npr. prijavljanje na forume),<\/li><li>za ko\u0161arice v spletnih trgovinah,<\/li><li>za ponovno uporabo va\u0161ih odlo\u010ditev, ki ste jih naredili (npr. izbira jezika in valute, ki jo uporabljate),<\/li><li>za prikaz razli\u010dnih naprednih vsebin na spletni strani (npr. zemljevidi, video),<\/li><li>za vodenje statistike obiska strani,<\/li><li>za podporo vti\u010dnikom dru\u017eabnih omre\u017eij (npr. v\u0161e\u010dkanje in deljenje),<\/li><li>za prikazovanje oglasov po meri uporabnika spleta.<\/li><\/ul><p>Pi\u0161kotke uporabljamo prav tako za lastne analitske potrebe (\u0161tevilo obiskov) in personalizirane oglase.<\/p><p>Analiza obiska na\u0161ih spletnih strani temelji na obdelavi anonimiziranih podatkov. Pi\u0161kotki za personalizirane oglase spremljajo aktivnost uporabnika na obiskani strani in s tem omogo\u010dajo, da lahko uporabniku prika\u017eemo primerno\/personalizirano oglasno vsebino.<\/p><h5>Elektronski naslov<\/h5><p>Pri naro\u010dilu na e-novice zberemo va\u0161 naslov elektronske po\u0161te (e-naslov), ki ga vpi\u0161ete v spletni obrazec. Te podatke obdelujemo izklju\u010dno za namene obve\u0161\u010danja o novicah in dogodkih in jih ne bomo posredovali tretjim osebam.<\/p><p>Podatki o va\u0161i elektronski po\u0161ti se shranjujejo, dokler se od storitve obve\u0161\u010danja po e-po\u0161ti ne odjavite, kar lahko storite kadarkoli.<\/p><p>Z oddajo va\u0161ih podatkov prek spletnih obrazcev na spletni strani tbp-group.eu se \u0161teje, da sogla\u0161ate, da ponudnik va\u0161 naslov elektronske po\u0161te uporablja za namene obve\u0161\u010danja, ter da ste seznanjeni s tem, da se lahko iz sistema sporo\u010dil kadarkoli izpi\u0161ete.<\/p><h5>Zakaj spletne strani uporabljajo pi\u0161kotke?<\/h5><p>Pi\u0161kotke uporablja ve\u010dina spletnih strani, so priro\u010dno sredstvo za ohranjanje sve\u017ee in primerne vsebine, ki je v skladu z interesi in preferencami posameznega spletnega uporabnika. Razlogov za uporabo pi\u0161kotkov je tako ve\u010d, kot prvi gotovo njihova lastnost shranjevanja podatkov o stanju posamezne spletne strani (podrobnosti o prilagoditvah posamezne spletne strani), pomagajo pri izvajanju raznih spletnih storitev, pomagajo pri zbiranju raznih statistik, o navadah spletnega uporabnika \u2013 saj se le z njimi lahko spremlja pogostost obiskovanja dolo\u010dene spletne strani.<\/p><p>S pomo\u010djo pi\u0161kotkov lahko ocenimo u\u010dinkovitost zasnove svojih spletnih strani, kot tudi ustreznost vrste in \u0161tevila oglasov, ki jih ponujamo uporabnikom na svojih spletnih straneh.<\/p><p>S klikom na povezavo \u00bbSprejmi\u00ab, ob prvem obisku na strani, se strinjate z uporabo pi\u0161kotkov za prikaz personaliziranih oglasov, ki jih uporabljamo za to, da vam prika\u017eemo primerno oglasno vsebino.<\/p><h5>Vrste pi\u0161kotkov<\/h5><p>Na\u0161a spletna stran lahko uporablja naslednje vrste pi\u0161kotkov:<\/p><ul><li>tehni\u010dne pi\u0161kotke,<\/li><li>funkcionalne pi\u0161kotke,<\/li><li>analiti\u010dne pi\u0161kotke in<\/li><li>komercialne pi\u0161kotke.<\/li><\/ul><p>Pi\u0161kotki sami po sebi ne omogo\u010dajo va\u0161e identifikacije in samo z njimi ni mogo\u010de ugotoviti, kdo konkretno ste.<\/p><p>Obvezni pi\u0161kotki spleti\u0161\u010da \u2013 ti pi\u0161kotki so nujno potrebni za zagotavljanje storitev na na\u0161em spleti\u0161\u010du in uporabo nekaterih funkcij, kot npr. dostop do varnih obmo\u010dij.<\/p><p>Analiti\u010dni pi\u0161kotki \u2013 ti pi\u0161kotki nam pomagajo ugotoviti, na kak\u0161en na\u010din se na\u0161e spleti\u0161\u010de uporablja in kako u\u010dinkovite so tr\u017ene kampanje ter nam hkrati pomagajo prilagoditi in izbolj\u0161ati na\u0161a spleti\u0161\u010da za vas.<\/p><p>Ogla\u0161evalski pi\u0161kotki \u2013 ti pi\u0161kotki se uporabljajo za ogla\u0161evanje in prilagajanje oglasnih sporo\u010dil, da bolj ustrezajo vam. Njihova funkcija je npr. prepre\u010devati, da bi se vam ves \u010das prikazoval isti oglas, zagotoviti, da so oglasi ustrezno prikazani, izbirati oglase na podlagi va\u0161i interesov in meriti \u0161tevilo prikazanih oglasov in njihovo u\u010dinkovitost, na primer koliko oseb je kliknilo na dolo\u010den oglas.<\/p><p>Pi\u0161kotki dru\u017ebenih omre\u017eij \u2013 Ti pi\u0161kotki se uporabljajo za to, da omogo\u010dajo deljenje spletnih strani in vsebin, ki vas zanimajo na na\u0161em spleti\u0161\u010du, preko dru\u017ebenih omre\u017eij tretjih oseb ali drugih spleti\u0161\u010d. Ti pi\u0161kotki se tudi lahko uporabljajo za namene ogla\u0161evanja.rste pi\u0161kotkov<\/p><p>Pi\u0161kotki so lahko za\u010dasni (za trenutno \u201csejo\u201d), kar pomeni, da so v uporabi samo med va\u0161im obiskom spletnega mesta in se izbri\u0161ejo, ko spletni brskalnik zaprete, lahko pa so stalni, kar pomeni, da ostanejo v napravi po tem, ko spletno mesto zapustite, dokler jih ne izbri\u0161ete sami ali jih po preteku dolo\u010denega obdobja ne izbri\u0161e va\u0161 brskalnik.<\/p><h5>Nadziranje pi\u0161kotkov<\/h5><p>Na voljo vam je ve\u010d razli\u010dnih mo\u017enosti za upravljanje pi\u0161kotkov. Zapomnite si, da vse va\u0161e spremembe pri nastavitvah pi\u0161kotkov vplivajo na to, da je lahko brskanje po na\u0161em spleti\u0161\u010du za vas manj u\u010dinkovito in privla\u010dno. V nekaterih primerih lahko celo ne morete ve\u010d uporabljati nekaterih ali vseh delov na\u0161ega spleti\u0161\u010da.<\/p><h5>Nadzor brskalnika in naprav<\/h5><p>Nekateri spletni brskalniki omogo\u010dajo nastavitve, ki vam omogo\u010dajo nadzor nad pi\u0161kotki in njihovo zavrnitev ali pa vas opozorijo, da je bil na va\u0161 ra\u010dunalnik nalo\u017een pi\u0161kotek. Postopek upravljanja pi\u0161kotkov se nekoliko razlikuje za vsak spletni brskalnik. Posamezne korake lahko preverite v meniju pomo\u010d va\u0161ega brskalnika.<\/p><p>Prav tako lahko ponastavite identifikatorje naprave, tako da aktivirate ustrezne nastavitve na va\u0161i mobilni napravi. Postopek upravljanja identifikatorjev naprave se nekoliko razlikuje pri vsaki napravi. Posamezne korake lahko preverite v meniju pomo\u010d ali nastavitve va\u0161e naprave.<\/p><h5>Kako lahko o(ne)mogo\u010dite pi\u0161kotke?<\/h5><p>\u010ce \u017eelite spremeniti na\u010din uporabe pi\u0161kotkov v brskalniku, vklju\u010dno z blokiranjem ali izbrisom, lahko to storite z ustrezno spremembo nastavitev brskalnika. Podrobnej\u0161a navodila so predstavljena v nadaljevanju.<\/p><h6>Google Chrome<\/h6><p>Kliknite \u00bbOrodja\u00ab na vrhu va\u0161ega brskalnika in izberite \u00bbNastavitve\u00ab.<\/p><p>Kliknite \u00bbPrika\u017ei dodatne nastavitve\u00ab, se pomaknite do razdelka \u00bbZasebnost\u00ab in kliknite gumb \u00bbNastavitve vsebine\u00ab.<\/p><p>Izberite \u00bbDovoli nastavljanje lokalnih podatkov\u00ab.<\/p><h6>Microsoft Internet Explorer 6.0, 7.0, 8.0, 9.0<\/h6><p>Kliknite \u00bbOrodja\u00ab na vrhu va\u0161ega brskalnika in izberite \u00bbInternetne mo\u017enosti\u00ab, nato kliknite zavihek \u00bbZasebnost\u00ab.<\/p><p>Preverite, da je raven va\u0161e zasebnosti nastavljena na srednjo ali manj, kar bo omogo\u010dilo uporabo pi\u0161kotkov v va\u0161em brskalniku.<\/p><p>Nastavitev nad srednjo ravnijo bo onemogo\u010dila uporabo pi\u0161kotkov.<\/p><h6>Mozilla Firefox<\/h6><p>Kliknite \u00bbOrodja\u00ab na vrhu va\u0161ega brskalnika in izberite \u00bbMo\u017enosti\u00ab.\u00a0<\/p><p>Nato izberite ikono \u00bbZasebnost\u00ab.\u00a0<\/p><p>Kliknite \u00bbPi\u0161kotki\u00ab in izberite mo\u017enost \u00bbDovoli stranem, da ustvarijo pi\u0161kote\u00ab.<\/p><h6>Safari<\/h6><p>Kliknite ikono zobnika na vrhu va\u0161ega brskalnika in izberite mo\u017enost \u00bbNastavitve\u00ab.<\/p><p>Kliknite \u00bbZasebnost\u00ab, nato ozna\u010dite mo\u017enost \u00bbOnemogo\u010di uporabo pi\u0161kotkov tretjih oseb in ogla\u0161evalnih pi\u0161kotkov\u00ab.<\/p><p>Kliknite \u00bbShrani\u00ab.<\/p><p>Kako upravljati pi\u0161kotke na ra\u010dunalniku Mac<\/p><p>\u010ce \u017eelite omogo\u010diti pi\u0161kotke na\u0161e spletne strani, sledite spodnjim korakom.<\/p><h6>Microsoft Internet Explorer 5.0 on OSX<\/h6><p>Kliknite \u00bbExplorer\u00ab na vrhu va\u0161ega brskalnika in izberite mo\u017enost \u00bbNastavitve\u00ab.<\/p><p>Pomaknite se navzdol do \u00bbPi\u0161kotki\u00ab v razdelku \u00bbPrejete datoteke\u00ab.<\/p><p>Izberite mo\u017enost \u00bbNikoli ne vpra\u0161aj\u00ab.<\/p><h6>Safari on OSX<\/h6><p>Kliknite \u00bbSafari\u00ab na vrhu va\u0161ega brskalnika in izberite mo\u017enost \u00bbNastavitve\u00ab.<\/p><p>Kliknite \u00bbZasebnost\u00ab in nato \u00bbOmogo\u010di uporabo pi\u0161kotkov\u00ab.<\/p><p>Izberite \u00bbSamo na obiskanih straneh\u00ab.<\/p><h6>Mozilla and Netscape on OSX<\/h6><p>Kliknite \u00bbMozilla\u00ab ali \u00bbNetscape\u00ab na vrhu va\u0161ega brskalnika in izberite mo\u017enost \u00bbNastavitve\u00ab.<\/p><p>Pomaknite se navzdol do \u00bbPi\u0161kotki\u00ab v razdelku \u00bbZasebnost in varnost\u00ab.<\/p><p>Izberite \u00bbDovoli pi\u0161kotke samo za izvorno spletno stran\u00ab.<\/p><h6>Opera<\/h6><p>Kliknite \u00bbMeni\u00ab na vrhu va\u0161ega brskalnika in izberite \u00bbNastavitve\u00ab.<\/p><p>Nato izberite \u00bbMo\u017enosti\u00ab in zavihek \u00bbNapredno\u00ab.<\/p><p>Izberite mo\u017enost \u00bbOmogo\u010di uporabo pi\u0161kotkov\u00ab.<\/p><h5>Orodja za interesno usmerjeno ogla\u0161evanje<\/h5><p>Lahko se odjavite od prikazovanja interesno usmerjenih oglasov sodelujo\u010dih podjetij preko Zveze za digitalno ogla\u0161evanje (Digital Advertising Alliance), Zveze za interaktivno digitalno ogla\u0161evanje (Interactive Digital Advertising Alliance) ali Appchoices (le za aplikacije).<\/p><p>Vendar pa odjava ne pomeni, da ne boste videli oglasov \u2013 pomeni le, da ne boste prejemali osebno prilagojenih oglasov s strani podjetij, ki sodelujejo v programu odjave. \u010ce boste izbrisali pi\u0161kotke na va\u0161i napravi po tem, ko ste se odjavili od prejemanja interesno usmerjenega ogla\u0161evanja, so boste morali nato ponovno odjaviti.<\/p><h6>Pi\u0161kotki dru\u017ebenih omre\u017eij<\/h6><p>Da lahko delite vsebino na dru\u017eabnih medijih nekatere funkcije tega spleti\u0161\u010da uporabljajo vti\u010dnike dru\u017ebenih omre\u017eij (npr. gumbe za deljenje na Facebooku ali Instagramu). Glede na nastavitve va\u0161ega ra\u010duna na dru\u017ebenem omre\u017eju avtomatsko prejemamo podatke s platforme dru\u017ebenega omre\u017eja, ko uporabite ustrezni gumb na na\u0161em spleti\u0161\u010du.<\/p><p>Da bi izvedeli ve\u010d o pi\u0161kotkih dru\u017ebenega omre\u017eja, si oglejte pravilnik o pi\u0161kotkih in pravilnik o zasebnosti platforme dru\u017ebenega omre\u017eja.<\/p><h5>Pi\u0161kotki Flash Adobe Flash Player\u2122<\/h5><p>Adobe Flash Player\u2122 je aplikacija za ogled in interakcijo z dinami\u010dnimi vsebinami s pomo\u010djo platforme Flash. Flash (in podobne aplikacije) uporablja tehnologijo podobno pi\u0161kotkom, ki si zapomni parametre, prednostne nastavitve in uporabnike teh vsebin. Vendar pa Adobe Flash Player upravlja s temi podatki in va\u0161imi izbirami preko vmesnika, ki je lo\u010den od vmesnika va\u0161ega brskalnika.<\/p><p>\u010ce va\u0161 terminal prikazuje vsebine, ki uporabljajo platformo Flash, predlagamo, da uporabite orodje za upravljanje pi\u0161kotkov Flash prek https:\/\/www.adobe.com.<\/p><h5>YouTube<\/h5><p>Na spletni strani uporabljamo vgrajene video vsebine s platforme YouTube: ko s klikom pri\u010dnete s predvajanjem, YouTube po\u0161lje pi\u0161kotke tretje stranke, ki omogo\u010dijo predvajanje<\/p><h5>Pi\u0161kotki Google\u2122<\/h5><p>Google se \u017eeli prepri\u010dati, da poznate Googlovo tehnologijo za zbiranje podatkov.<\/p><h5>Pi\u0161kotki API Google\u2122 zemljevidov<\/h5><p>Nekatere funkcije na\u0161ega spleti\u0161\u010da in nekatere storitve so odvisne od uporabe pi\u0161kotkov API Google\u2122 zemljevidov. Ti pi\u0161kotki bodo shranjeni na va\u0161i napravi.<\/p><p>Google\u2122 upravlja s podatki in va\u0161imi izbirami pi\u0161kotkov API Google\u2122 zemljevidov preko vmesnika, ki je neodvisen od va\u0161ega brskalnika. Za ve\u010d informacij si oglejte https:\/\/www.google.com\/policies\/technologies\/cookies\/.<\/p><h5>Google Analytics<\/h5><p>Uporabljamo Google Analytics, ki je storitev Google, ki uporablja pi\u0161kotke in druge tehnologije za zbiranje podatkov, da zbiramo podatke o va\u0161i uporabi spleti\u0161\u010da in storitev za ugotavljanje trendov uporabe spleti\u0161\u010da.<\/p><p>Iz storitve Google Analytics se odjavite na www.google.com\/settings\/ads ali tako, da si nalo\u017eite brskalnik za odjavo iz storitve Google Analytics na https:\/\/tools.google.com\/dlpage\/gaoptout.<\/p><h5>Preberite si ve\u010d o pi\u0161kotkih<\/h5><p>\u010ce \u017eelite vedeti ve\u010d o pi\u0161kotkih, obi\u0161\u010dite katero od naslednjih strani:<\/p><p>http:\/\/www.allaboutcookies.org<\/p><p>www.piskotki.net<\/p><p>\u010ce imate kakr\u0161na koli vpra\u0161anja se lahko obrnete na nas: info@tbp-group.si.<\/p><h3>\u00a0<\/h3>\t\t\t\t\t\t<\/div>\n\t\t\t\t<\/div>\n\t\t\t\t\t<\/div>\n\t\t<\/div>\n\t\t\t\t\t<\/div>\n\t\t<\/section>\n\t\t\t\t\t<\/div>\n\t\t<\/div>\n\t\t\t\t\t<\/div>\n\t\t<\/section>\n\t\t\t\t<section class=\"elementor-section elementor-top-section elementor-element elementor-element-cc9854f elementor-reverse-tablet elementor-reverse-mobile elementor-section-boxed elementor-section-height-default elementor-section-height-default\" data-id=\"cc9854f\" data-element_type=\"section\" data-settings=\"{&quot;background_background&quot;:&quot;classic&quot;}\">\n\t\t\t\t\t\t<div class=\"elementor-container elementor-column-gap-wider\">\n\t\t\t\t\t<div class=\"elementor-column elementor-col-100 elementor-top-column elementor-element elementor-element-c0ba367\" data-id=\"c0ba367\" data-element_type=\"column\">\n\t\t\t<div class=\"elementor-widget-wrap elementor-element-populated\">\n\t\t\t\t\t\t<section class=\"elementor-section elementor-inner-section elementor-element elementor-element-0e0c2c0 elementor-section-boxed elementor-section-height-default elementor-section-height-default\" data-id=\"0e0c2c0\" data-element_type=\"section\">\n\t\t\t\t\t\t<div class=\"elementor-container elementor-column-gap-no\">\n\t\t\t\t\t<div class=\"elementor-column elementor-col-100 elementor-inner-column elementor-element elementor-element-85b00a9\" data-id=\"85b00a9\" data-element_type=\"column\">\n\t\t\t<div class=\"elementor-widget-wrap elementor-element-populated\">\n\t\t\t\t\t\t<div class=\"elementor-element elementor-element-b85f866 elementor-invisible elementor-widget elementor-widget-heading\" data-id=\"b85f866\" data-element_type=\"widget\" data-settings=\"{&quot;_animation&quot;:&quot;fadeIn&quot;,&quot;_animation_delay&quot;:&quot;800&quot;}\" data-widget_type=\"heading.default\">\n\t\t\t\t<div class=\"elementor-widget-container\">\n\t\t\t<div class=\"elementor-heading-title elementor-size-default\">PORO\u010cILO<\/div>\t\t<\/div>\n\t\t\t\t<\/div>\n\t\t\t\t<div class=\"elementor-element elementor-element-2625b3d elementor-widget elementor-widget-html\" data-id=\"2625b3d\" data-element_type=\"widget\" data-widget_type=\"html.default\">\n\t\t\t\t<div class=\"elementor-widget-container\">\n\t\t\t<script type=\"text\/javascript\" charset=\"UTF-8\" data-cookiescriptreport=\"report\" src=\"\/\/report.cookie-script.com\/r\/a1da2b82c046d81e786675b848c2c0e9.js\"><\/script>\t\t<\/div>\n\t\t\t\t<\/div>\n\t\t\t\t\t<\/div>\n\t\t<\/div>\n\t\t\t\t\t<\/div>\n\t\t<\/section>\n\t\t\t\t\t<\/div>\n\t\t<\/div>\n\t\t\t\t\t<\/div>\n\t\t<\/section>\n\t\t\t\t<\/div>","protected":false},"excerpt":{"rendered":"<p>Pi\u0161kotki Pi\u0161kotki Na spletni strani TBP-GROUP uporabljamo pi\u0161kotke Spletna stran tbp-group.eu uporablja pi\u0161kotke. S pi\u0161kotki vas osebno ne identificiramo. Uporabljamo jih samo za bolj\u0161e delovanje spleti\u0161\u010da. Z uporabo tega spletnega mesta se strinjate, da spletno mesto tbp-group.eu nastavi pi\u0161kotke na va\u0161i napravi. Kaj so pi\u0161kotki? Pi\u0161kotki so male besedilne datoteke, ki jih ve\u010dina spletnih mest [&hellip;]<\/p>","protected":false},"author":1,"featured_media":0,"parent":0,"menu_order":0,"comment_status":"closed","ping_status":"closed","template":"elementor_header_footer","meta":[],"_links":{"self":[{"href":"https:\/\/www.tbp-group.eu\/en\/wp-json\/wp\/v2\/pages\/991"}],"collection":[{"href":"https:\/\/www.tbp-group.eu\/en\/wp-json\/wp\/v2\/pages"}],"about":[{"href":"https:\/\/www.tbp-group.eu\/en\/wp-json\/wp\/v2\/types\/page"}],"author":[{"embeddable":true,"href":"https:\/\/www.tbp-group.eu\/en\/wp-json\/wp\/v2\/users\/1"}],"replies":[{"embeddable":true,"href":"https:\/\/www.tbp-group.eu\/en\/wp-json\/wp\/v2\/comments?post=991"}],"version-history":[{"count":20,"href":"https:\/\/www.tbp-group.eu\/en\/wp-json\/wp\/v2\/pages\/991\/revisions"}],"predecessor-version":[{"id":1017,"href":"https:\/\/www.tbp-group.eu\/en\/wp-json\/wp\/v2\/pages\/991\/revisions\/1017"}],"wp:attachment":[{"href":"https:\/\/www.tbp-group.eu\/en\/wp-json\/wp\/v2\/media?parent=991"}],"curies":[{"name":"wp","href":"https:\/\/api.w.org\/{rel}","templated":true}]}}